{"id":233,"date":"2013-11-11T06:45:17","date_gmt":"2013-11-11T06:45:17","guid":{"rendered":"http:\/\/trainerei.at\/wp\/?page_id=233"},"modified":"2018-07-03T19:09:51","modified_gmt":"2018-07-03T19:09:51","slug":"barbara-korb","status":"publish","type":"page","link":"https:\/\/trainerei.at\/wp\/trainerei\/barbara-korb\/","title":{"rendered":"Barbara Korb"},"content":{"rendered":"<div id=\"attachment_786\" style=\"width: 292px\" class=\"wp-caption alignnone\"><a href=\"http:\/\/trainerei.at\/wp\/wp-content\/uploads\/2018\/07\/BK_wp.jpg\"><img aria-describedby=\"caption-attachment-786\" loading=\"lazy\" class=\"wp-image-786 size-medium\" src=\"http:\/\/trainerei.at\/wp\/wp-content\/uploads\/2018\/07\/BK_wp-282x300.jpg\" alt=\"Mag.a Barbara Korb\" width=\"282\" height=\"300\" srcset=\"https:\/\/trainerei.at\/wp\/wp-content\/uploads\/2018\/07\/BK_wp-282x300.jpg 282w, https:\/\/trainerei.at\/wp\/wp-content\/uploads\/2018\/07\/BK_wp-768x817.jpg 768w, https:\/\/trainerei.at\/wp\/wp-content\/uploads\/2018\/07\/BK_wp-963x1024.jpg 963w, https:\/\/trainerei.at\/wp\/wp-content\/uploads\/2018\/07\/BK_wp.jpg 1659w\" sizes=\"(max-width: 282px) 100vw, 282px\" \/><\/a><p id=\"caption-attachment-786\" class=\"wp-caption-text\"><a href=\"mailto:barbara.korb@trainerei.at\">barbara.korb@trainerei.at<\/a><br \/>+43-676\/718 86 86<\/p><\/div>\n<p><strong>Arbeitsschwerpunkte<\/strong><\/p>\n<ul>\n<li>Gruppendynamik und Teamleading<\/li>\n<li>Hochschul- und Vermittlungsdidaktik<\/li>\n<li>Gender- und Diversit\u00e4tskompetenz<\/li>\n<li>personelle und organisationale Kommunikation<\/li>\n<li>Teambuilding<\/li>\n<li>Projektmanagement<\/li>\n<li>Mentoring &amp; Tutoring<\/li>\n<li>Social Skills<\/li>\n<\/ul>\n<p><strong>Aus- und Weiterbildungen<\/strong><\/p>\n<ul>\n<li>Lehrgang &#8222;systemische Organisationsberatung&#8220; (TRIGON)<\/li>\n<li>Diplomstudium der Kommunikationswissenschaft mit Schwerpunkten aus Theaterwissenschaft, Soziologie, Philosophie, Universit\u00e4t Wien<\/li>\n<li>Train the Trainer: Genderkompetenz<\/li>\n<li>Ausbildung Coaching &amp; systemische Beratung<\/li>\n<li>Organisationsaufstellung &amp; systemische Strukturaufstellung<\/li>\n<li>Konflikte und Mobbing am Arbeitsplatz<\/li>\n<li>e-learning &amp; Blended Learning<\/li>\n<li>\u00a0TrainerInnenlehrgang (\u00d6H und BMBWK)<\/li>\n<\/ul>\n<p>Berufliche Laufbahn<\/p>\n<ul>\n<li>seit 2005 Universit\u00e4tslektorin an der Universit\u00e4t Wien am Institut f\u00fcr Kommunikationswissenschaft, Institut f\u00fcr Philosophie, Fakult\u00e4t f\u00fcr Physik der Universit\u00e4t Wien (Fachbereich: Wissenschaftsdidaktik, Interne Organisationskommunikation, Interpersonelle Kommunikation, Team- und Projektarbeit, Gender und Diversity)<\/li>\n<li>seit 2003 Trainerin f\u00fcr Gruppen- und Kommunikationsprozesse<\/li>\n<li>2004 &#8211; 2005 wiss. Mitarbeiterin an der FH Wr. Neustadt; Studiengang Produktmarketing, Projektmanagement, Innovationsmanagment<\/li>\n<li>2003 &#8211; 2004 Projektkoordinatorin am Institut f\u00fcr Kommunikationswissenschaft, Universit\u00e4t Wien<\/li>\n<li>seit 1996 freie Theaterschaffende<\/li>\n<\/ul>\n<ul>\n<li>Universit\u00e4t Wien (Institut f\u00fcr Kommunikationswissenschaft; Center for Teaching and Learning; Fachtutoriumsprojekt IPKW; Buddy-System IPKW, eSowi &#8211; e-learning Zentrum der Fakult\u00e4t f\u00fcr Sozialwissenschaften)<\/li>\n<li>Medizinische Universit\u00e4t Wien<\/li>\n<li>Universit\u00e4t f\u00fcr angewandte Kunst Wien<\/li>\n<li>P\u00e4dagogische Hochschule Wien<\/li>\n<li>BM.I Bundesministerium f\u00fcr Inneres &#8211; Bundesasylamt<\/li>\n<li>V\u00d6GB &#8211; Verband \u00d6sterreichischer Gewerkschaftlicher Bildung<\/li>\n<li>LEF\u00d6 &#8211; Beratung, Bildung und Begleitung f\u00fcr Migrantinnen<\/li>\n<li>\u00d6H &#8211; \u00d6sterreichische Hochsch\u00fclerInnenschaft<\/li>\n<li>\u00d6sterreichisches unabh\u00e4ngiges Tutoriumsprojekt<\/li>\n<li>Eurodoc \/ doktorat.at<\/li>\n<li>Wifi Wien<\/li>\n<li>abz Austria<\/li>\n<li>PRVA &#8211; Public Relations Verband Austria<\/li>\n<li>Danube Dragons<\/li>\n<li>IEMT &#8211; Institut f\u00fcr intersidziplin\u00e4re Erforschung der Mensch-Tier-Beziehung<\/li>\n<li>\u00d6sterreichisches Bundesheer<\/li>\n<\/ul>\n<p>&nbsp;<\/p>\n<p>&nbsp;<\/p>\n","protected":false},"excerpt":{"rendered":"<p>Arbeitsschwerpunkte Gruppendynamik und Teamleading Hochschul- und Vermittlungsdidaktik Gender- und Diversit\u00e4tskompetenz personelle und organisationale Kommunikation Teambuilding Projektmanagement Mentoring &amp; Tutoring Social Skills Aus- und Weiterbildungen Lehrgang &#8222;systemische Organisationsberatung&#8220; (TRIGON) Diplomstudium der Kommunikationswissenschaft mit Schwerpunkten aus Theaterwissenschaft, Soziologie, Philosophie, Universit\u00e4t Wien Train &hellip; <a href=\"https:\/\/trainerei.at\/wp\/trainerei\/barbara-korb\/\">Weiterlesen <span class=\"meta-nav\">&rarr;<\/span><\/a><\/p>\n","protected":false},"author":1,"featured_media":0,"parent":9,"menu_order":0,"comment_status":"closed","ping_status":"open","template":"","meta":[],"_links":{"self":[{"href":"https:\/\/trainerei.at\/wp\/wp-json\/wp\/v2\/pages\/233"}],"collection":[{"href":"https:\/\/trainerei.at\/wp\/wp-json\/wp\/v2\/pages"}],"about":[{"href":"https:\/\/trainerei.at\/wp\/wp-json\/wp\/v2\/types\/page"}],"author":[{"embeddable":true,"href":"https:\/\/trainerei.at\/wp\/wp-json\/wp\/v2\/users\/1"}],"replies":[{"embeddable":true,"href":"https:\/\/trainerei.at\/wp\/wp-json\/wp\/v2\/comments?post=233"}],"version-history":[{"count":6,"href":"https:\/\/trainerei.at\/wp\/wp-json\/wp\/v2\/pages\/233\/revisions"}],"predecessor-version":[{"id":788,"href":"https:\/\/trainerei.at\/wp\/wp-json\/wp\/v2\/pages\/233\/revisions\/788"}],"up":[{"embeddable":true,"href":"https:\/\/trainerei.at\/wp\/wp-json\/wp\/v2\/pages\/9"}],"wp:attachment":[{"href":"https:\/\/trainerei.at\/wp\/wp-json\/wp\/v2\/media?parent=233"}],"curies":[{"name":"wp","href":"https:\/\/api.w.org\/{rel}","templated":true}]}}